{"id":1174,"date":"2025-02-13T17:03:26","date_gmt":"2025-02-13T14:03:26","guid":{"rendered":"https:\/\/siltasstill.com\/kvkk-aydinlatma-metni\/"},"modified":"2025-10-28T20:14:35","modified_gmt":"2025-10-28T17:14:35","slug":"personal-data-protection-law","status":"publish","type":"page","link":"https:\/\/siltasstill.com\/en\/personal-data-protection-law\/","title":{"rendered":"Personal Data Protection Law"},"content":{"rendered":"\t\t<div data-elementor-type=\"wp-page\" data-elementor-id=\"1174\" class=\"elementor elementor-1174 elementor-370\" data-elementor-post-type=\"page\">\n\t\t\t\t<div class=\"elementor-element elementor-element-6e93c74 e-flex e-con-boxed e-con e-parent\" data-id=\"6e93c74\" data-element_type=\"container\">\n\t\t\t\t\t<div class=\"e-con-inner\">\n\t\t\t\t<div class=\"elementor-element elementor-element-d363495 elementor-widget elementor-widget-heading\" data-id=\"d363495\" data-element_type=\"widget\" data-widget_type=\"heading.default\">\n\t\t\t\t<div class=\"elementor-widget-container\">\n\t\t\t\t\t<h5 class=\"elementor-heading-title elementor-size-default\">SILTAS YAPI INSAAT SANAYI VE TICARET ANONIM SIRKETI<\/h5>\t\t\t\t<\/div>\n\t\t\t\t<\/div>\n\t\t\t\t<div class=\"elementor-element elementor-element-fd57fc9 elementor-widget elementor-widget-heading\" data-id=\"fd57fc9\" data-element_type=\"widget\" data-widget_type=\"heading.default\">\n\t\t\t\t<div class=\"elementor-widget-container\">\n\t\t\t\t\t<h2 class=\"elementor-heading-title elementor-size-default\">INFORMATION NOTICE ON THE PROCESSING OF PERSONAL DATA<\/h2>\t\t\t\t<\/div>\n\t\t\t\t<\/div>\n\t\t\t\t<div class=\"elementor-element elementor-element-45fe099 elementor-widget elementor-widget-text-editor\" data-id=\"45fe099\" data-element_type=\"widget\" data-widget_type=\"text-editor.default\">\n\t\t\t\t<div class=\"elementor-widget-container\">\n\t\t\t\t\t\t\t\t\t<div><div class=\"elementor elementor-16\" data-elementor-type=\"wp-page\" data-elementor-id=\"16\" data-elementor-post-type=\"page\"><div class=\"elementor-element elementor-element-3e483eab e-flex e-con-boxed e-con e-parent e-lazyloaded\" data-id=\"3e483eab\" data-element_type=\"container\"><div class=\"e-con-inner\"><div class=\"elementor-element elementor-element-299ad928 elementor-widget elementor-widget-text-editor\" data-id=\"299ad928\" data-element_type=\"widget\" data-widget_type=\"text-editor.default\"><div class=\"elementor-widget-container\"><p>This information and consent notice has been prepared by Silta\u015f Yap\u0131 \u0130n\u015faat Sanayi ve Ticaret Anonim \u015eirketi (the \u201cCompany\u201d), acting as the data controller, for the purpose of obtaining the explicit consent of the Company\u2019s customers regarding the processing of their personal data by the Company within the scope of the Law No. 6698 on the Protection of Personal Data (the \u201cLaw\u201d) and to inform data subjects, at the time their personal data are obtained, about the matters specified in Article 10 of the Law and the rights of the data subject set out in Article 11 of the Law.<\/p><p><strong>1. METHODS AND LEGAL GROUNDS FOR OBTAINING PERSONAL DATA<\/strong><\/p><p>Your personal data are collected in electronic or physical environments. The personal data collected on the legal grounds specified in this Information Notice may be processed and shared within the scope of the personal data processing conditions set out in Articles 5 and 6 of the Law.<\/p><p><strong>2. PURPOSES OF PROCESSING PERSONAL DATA<\/strong><\/p><p>Within the scope of the personal data processing conditions specified in Articles 5 and 6 of the Law, your personal data are processed by the <strong>Company<\/strong> for the purposes of planning and execution of activities necessary for customizing the products and services offered by the <strong>Company<\/strong> according to the preferences, usage habits and needs of the relevant persons and recommending and promoting them to such persons; carrying out the necessary work by business units to enable relevant persons to benefit from the products and services offered by the <strong>Company<\/strong> and conducting the related business processes; carrying out the necessary work by business units for the realization of the commercial activities conducted by the <strong>Company<\/strong> and conducting the related business processes; planning and execution of the <strong>Company<\/strong>\u2019s commercial and\/or business strategies; and ensuring the legal, technical and commercial\/occupational security of the <strong>Company<\/strong> and the relevant persons who have a business relationship with the <strong>Company<\/strong>.<\/p><p><strong>3. PARTIES TO WHOM PERSONAL DATA MAY BE TRANSFERRED AND MEANS OF TRANSFER<\/strong><\/p><p>Within the scope of the personal data processing conditions and purposes specified in Articles 8 and 9 of the Law, your personal data may be shared for the purposes of planning and execution of activities necessary for customizing the products and services offered by the <strong>Company<\/strong> according to the preferences, usage habits and needs of the relevant persons and recommending and promoting them to such persons; carrying out the necessary work by business units to enable relevant persons to benefit from the products and services offered by the <strong>Company<\/strong> and conducting the related business processes; carrying out the necessary work by business units for the realization of the commercial activities conducted by the <strong>Company<\/strong> and conducting the related business processes; planning and execution of the <strong>Company<\/strong>\u2019s commercial and\/or business strategies; and ensuring the legal, technical and commercial\/occupational security of the <strong>Company<\/strong> and the relevant persons who have a business relationship with the <strong>Company<\/strong>, with the <strong>Company<\/strong>\u2019s business partners and suppliers, legally authorized public institutions and organizations, and legally authorized private legal entities.<\/p><p><strong>4. PERSONAL DATA PROCESSED BY THE COMPANY<\/strong><\/p><p>Our Company collects the following personal data:<\/p><ul><li>Identity Data: Name, surname, Turkish ID number, date of birth, copy of identity card,<\/li><li>Contact Data: Phone number, e-mail address, workplace address,<\/li><li>Customer Transaction Data: Call center records, invoices, promissory notes, cheque information, order and request information,<\/li><li>Financial Data: Bank account information, credit card information, for risk management in commercial transactions: balance sheet, financial performance, credit and risk information, asset information,<\/li><li>Marketing Data: Purchase history information,<\/li><li>Legal Transaction Data: In case of a legal matter or lawsuit, information in correspondence with judicial authorities and in the case file,<\/li><li>Employment Data: The company you work for, department, mode of work, profession, title, specimen signature circulars,<\/li><li>Visual and Audio Data: Photographs and audio recordings pertaining to the person,<\/li><li>Website\/Application Usage Data: User\u2019s activities on the site and mouse movements.<\/li><\/ul><p>These personal data are collected physically or electronically through the information and contact forms on our website, social media messages, our call center, our dealers\/stores, and events organized or attended by our Company.<\/p><p><strong>5. RIGHTS OF THE DATA SUBJECT<\/strong><\/p><p>By applying to the Company acting as the data controller, data subjects have the right to obtain information on whether their personal data are processed, to request documentation if personal data have been processed, to examine whether their personal data have been processed lawfully and in compliance with the procedure, to learn the third parties to whom personal data are transferred, to request the correction of personal data in case they are incomplete or incorrectly processed, to request the deletion of their personal data under the conditions specified in Article 7 of the Law, to request that the transactions carried out pursuant to subparagraphs (d) and (e) of Article 11 of the Law be notified to the third parties to whom the personal data have been transferred, to object to any result to the detriment of the person arising from the analysis of the processed data exclusively through automated systems, and to demand compensation in case of damage due to unlawful processing of personal data.<\/p><p><strong>6. EXERCISING RIGHTS BY THE DATA SUBJECT<\/strong><\/p><p>Pursuant to the Law, applications regarding Personal Data may be submitted:<\/p><ul><li>In person, by verifying identity, to the address: Yeni\u015fehir Mahallesi Akkaya Sokak No:2F\/20 Pendik\/\u0130STANBUL; or<\/li><li>By e-mail to our Company at info@siltasyapi.com, with identity verification ensured; or<\/li><li>By registered electronic mail (KEP) to 25959-92269-65715, or through other methods specified in the Law and secondary legislation.<\/li><\/ul><p>Within the limits stipulated in the Law, the Company responds to data subjects who wish to exercise their rights within a maximum of thirty (30) days as set forth in the Law. In case a request is rejected, the reason(s) for rejection shall be provided in writing or electronically with justification.<\/p><\/div><\/div><\/div><\/div><\/div><\/div>\t\t\t\t\t\t\t\t<\/div>\n\t\t\t\t<\/div>\n\t\t\t\t\t<\/div>\n\t\t\t\t<\/div>\n\t\t\t\t<\/div>\n\t\t","protected":false},"excerpt":{"rendered":"<p>SILTAS YAPI INSAAT SANAYI VE TICARET ANONIM SIRKETI INFORMATION NOTICE ON THE PROCESSING OF PERSONAL DATA This information and consent notice has been prepared by Silta\u015f Yap\u0131 \u0130n\u015faat Sanayi ve Ticaret Anonim \u015eirketi (the \u201cCompany\u201d), acting as the data controller, for the purpose of obtaining the explicit consent of the Company\u2019s customers regarding the processing [&hellip;]<\/p>\n","protected":false},"author":1,"featured_media":0,"parent":0,"menu_order":0,"comment_status":"closed","ping_status":"closed","template":"","meta":{"inline_featured_image":false,"footnotes":""},"class_list":["post-1174","page","type-page","status-publish","hentry"],"_links":{"self":[{"href":"https:\/\/siltasstill.com\/en\/wp-json\/wp\/v2\/pages\/1174","targetHints":{"allow":["GET"]}}],"collection":[{"href":"https:\/\/siltasstill.com\/en\/wp-json\/wp\/v2\/pages"}],"about":[{"href":"https:\/\/siltasstill.com\/en\/wp-json\/wp\/v2\/types\/page"}],"author":[{"embeddable":true,"href":"https:\/\/siltasstill.com\/en\/wp-json\/wp\/v2\/users\/1"}],"replies":[{"embeddable":true,"href":"https:\/\/siltasstill.com\/en\/wp-json\/wp\/v2\/comments?post=1174"}],"version-history":[{"count":0,"href":"https:\/\/siltasstill.com\/en\/wp-json\/wp\/v2\/pages\/1174\/revisions"}],"wp:attachment":[{"href":"https:\/\/siltasstill.com\/en\/wp-json\/wp\/v2\/media?parent=1174"}],"curies":[{"name":"wp","href":"https:\/\/api.w.org\/{rel}","templated":true}]}}